{"id":25372,"date":"2024-09-24T22:51:04","date_gmt":"2024-09-24T21:51:04","guid":{"rendered":"https:\/\/www.sheffieldhaworth.com\/legal\/"},"modified":"2025-08-04T17:27:00","modified_gmt":"2025-08-04T16:27:00","slug":"legal","status":"publish","type":"page","link":"https:\/\/www.sheffieldhaworth.com\/es\/legal\/","title":{"rendered":"Legal"},"content":{"rendered":"\t\t<div data-elementor-type=\"wp-page\" data-elementor-id=\"25372\" class=\"elementor elementor-25372 elementor-12832\" data-elementor-post-type=\"page\">\n\t\t\t\t<div class=\"elementor-element elementor-element-81a763c page-title e-flex e-con-boxed e-con e-parent\" data-id=\"81a763c\" data-element_type=\"container\" data-e-type=\"container\" data-settings=\"{&quot;background_background&quot;:&quot;classic&quot;}\">\n\t\t\t\t\t<div class=\"e-con-inner\">\n\t\t<div class=\"elementor-element elementor-element-a41283e e-con-full e-flex e-con e-child\" data-id=\"a41283e\" data-element_type=\"container\" data-e-type=\"container\">\n\t\t\t\t<div class=\"elementor-element elementor-element-371e6c2 elementor-align-center elementor-icon-list--layout-traditional elementor-list-item-link-full_width elementor-widget elementor-widget-icon-list\" data-id=\"371e6c2\" data-element_type=\"widget\" data-e-type=\"widget\" data-widget_type=\"icon-list.default\">\n\t\t\t\t<div class=\"elementor-widget-container\">\n\t\t\t\t\t\t\t<ul class=\"elementor-icon-list-items\">\n\t\t\t\t\t\t\t<li class=\"elementor-icon-list-item\">\n\t\t\t\t\t\t\t\t\t\t\t<span class=\"elementor-icon-list-icon\">\n\t\t\t\t\t\t\t<svg xmlns=\"http:\/\/www.w3.org\/2000\/svg\" width=\"24\" height=\"22\" viewBox=\"0 0 24 22\" fill=\"none\"><mask id=\"mask0_42_10913\" style=\"mask-type:luminance\" maskUnits=\"userSpaceOnUse\" x=\"0\" y=\"0\" width=\"24\" height=\"22\"><path d=\"M24 0H0V21.6H24V0Z\" fill=\"white\"><\/path><\/mask><g mask=\"url(#mask0_42_10913)\"><mask id=\"mask1_42_10913\" style=\"mask-type:luminance\" maskUnits=\"userSpaceOnUse\" x=\"0\" y=\"0\" width=\"24\" height=\"22\"><path d=\"M24 0H0V21.6H24V0Z\" fill=\"white\"><\/path><\/mask><g mask=\"url(#mask1_42_10913)\"><mask id=\"mask2_42_10913\" style=\"mask-type:luminance\" maskUnits=\"userSpaceOnUse\" x=\"1\" y=\"1\" width=\"23\" height=\"20\"><path d=\"M23.0474 1.5H1.52344V20.544H23.0474V1.5Z\" fill=\"white\"><\/path><\/mask><g mask=\"url(#mask2_42_10913)\"><path d=\"M22.7353 18.1879C22.7353 19.4879 21.6633 20.5399 20.3433 20.5399C19.0193 20.5399 17.9473 19.4879 17.9473 18.1879C17.9473 16.8879 19.0193 15.8359 20.3433 15.8359C21.6673 15.8359 22.7353 16.8879 22.7353 18.1879Z\" fill=\"white\"><\/path><\/g><mask id=\"mask3_42_10913\" style=\"mask-type:luminance\" maskUnits=\"userSpaceOnUse\" x=\"1\" y=\"1\" width=\"23\" height=\"20\"><path d=\"M23.0474 1.5H1.52344V20.544H23.0474V1.5Z\" fill=\"white\"><\/path><\/mask><g mask=\"url(#mask3_42_10913)\"><path d=\"M17.292 18.1879C17.292 19.4879 16.22 20.5399 14.896 20.5399C13.572 20.5399 12.5 19.4879 12.5 18.1879C12.5 16.8879 13.572 15.8359 14.896 15.8359C16.22 15.8359 17.292 16.8879 17.292 18.1879Z\" fill=\"white\"><\/path><\/g><path d=\"M14.8987 14.7678C16.1004 14.7678 17.0747 13.8097 17.0747 12.6278C17.0747 11.4459 16.1004 10.4878 14.8987 10.4878C13.6969 10.4878 12.7227 11.4459 12.7227 12.6278C12.7227 13.8097 13.6969 14.7678 14.8987 14.7678Z\" fill=\"white\"><\/path><path d=\"M22.5161 12.6278C22.5161 13.8078 21.5401 14.7678 20.3401 14.7678C19.1401 14.7678 18.1641 13.8078 18.1641 12.6278C18.1641 11.4478 19.1361 10.4878 20.3401 10.4878C21.5441 10.4878 22.5161 11.4478 22.5161 12.6278Z\" fill=\"white\"><\/path><path d=\"M14.9002 9.20378C15.8611 9.20378 16.6402 8.4373 16.6402 7.49178C16.6402 6.54627 15.8611 5.77979 14.9002 5.77979C13.9392 5.77979 13.1602 6.54627 13.1602 7.49178C13.1602 8.4373 13.9392 9.20378 14.9002 9.20378Z\" fill=\"white\"><\/path><path d=\"M22.0796 7.49178C22.0796 8.43578 21.2996 9.20378 20.3396 9.20378C19.3796 9.20378 18.5996 8.43578 18.5996 7.49178C18.5996 6.54778 19.3796 5.77979 20.3396 5.77979C21.2996 5.77979 22.0796 6.54778 22.0796 7.49178Z\" fill=\"white\"><\/path><mask id=\"mask4_42_10913\" style=\"mask-type:luminance\" maskUnits=\"userSpaceOnUse\" x=\"1\" y=\"1\" width=\"23\" height=\"20\"><path d=\"M23.0474 1.5H1.52344V20.544H23.0474V1.5Z\" fill=\"white\"><\/path><\/mask><g mask=\"url(#mask4_42_10913)\"><path d=\"M12.0674 18.1879C12.0674 19.4879 10.9954 20.5399 9.67139 20.5399C8.34739 20.5399 7.27539 19.4879 7.27539 18.1879C7.27539 16.8879 8.34739 15.8359 9.67139 15.8359C10.9954 15.8359 12.0674 16.8879 12.0674 18.1879Z\" fill=\"white\"><\/path><\/g><path d=\"M11.852 12.6278C11.852 13.8078 10.876 14.7678 9.676 14.7678C8.476 14.7678 7.5 13.8078 7.5 12.6278C7.5 11.4478 8.476 10.4878 9.676 10.4878C10.876 10.4878 11.852 11.4478 11.852 12.6278Z\" fill=\"white\"><\/path><mask id=\"mask5_42_10913\" style=\"mask-type:luminance\" maskUnits=\"userSpaceOnUse\" x=\"1\" y=\"1\" width=\"23\" height=\"20\"><path d=\"M23.0474 1.5H1.52344V20.544H23.0474V1.5Z\" fill=\"white\"><\/path><\/mask><g mask=\"url(#mask5_42_10913)\"><path d=\"M6.62795 18.1879C6.62795 19.4879 5.55593 20.5399 4.23193 20.5399C2.90793 20.5399 1.83594 19.4879 1.83594 18.1879C1.83594 16.8879 2.90793 15.8359 4.23193 15.8359C5.55593 15.8359 6.62795 16.8879 6.62795 18.1879Z\" fill=\"white\"><\/path><\/g><path d=\"M21.8625 2.996C21.8625 3.824 21.1825 4.496 20.3385 4.496C19.4945 4.496 18.8145 3.824 18.8145 2.996C18.8145 2.168 19.4945 1.5 20.3385 1.5C21.1825 1.5 21.8625 2.172 21.8625 2.996Z\" fill=\"white\"><\/path><\/g><\/g><\/svg>\t\t\t\t\t\t<\/span>\n\t\t\t\t\t\t\t\t\t\t<span class=\"elementor-icon-list-text\">Legal<\/span>\n\t\t\t\t\t\t\t\t\t<\/li>\n\t\t\t\t\t\t<\/ul>\n\t\t\t\t\t\t<\/div>\n\t\t\t\t<\/div>\n\t\t\t\t<div class=\"elementor-element elementor-element-9728b80 elementor-widget__width-initial elementor-widget-tablet__width-inherit elementor-widget elementor-widget-heading\" data-id=\"9728b80\" data-element_type=\"widget\" data-e-type=\"widget\" data-widget_type=\"heading.default\">\n\t\t\t\t<div class=\"elementor-widget-container\">\n\t\t\t\t\t<h1 class=\"elementor-heading-title elementor-size-default\">Liderazgo jur\u00eddico para el crecimiento sostenible<\/h1>\t\t\t\t<\/div>\n\t\t\t\t<\/div>\n\t\t\t\t<div class=\"elementor-element elementor-element-07b7574 elementor-widget__width-initial elementor-widget-tablet__width-inherit elementor-widget elementor-widget-text-editor\" data-id=\"07b7574\" data-element_type=\"widget\" data-e-type=\"widget\" data-widget_type=\"text-editor.default\">\n\t\t\t\t<div class=\"elementor-widget-container\">\n\t\t\t\t\t\t\t\t\t<p>Crear un equipo jur\u00eddico preparado para el futuro que impulse el \u00e9xito empresarial sostenible<\/p>\t\t\t\t\t\t\t\t<\/div>\n\t\t\t\t<\/div>\n\t\t\t\t<div class=\"elementor-element elementor-element-c49502a elementor-align-center elementor-widget elementor-widget-button\" data-id=\"c49502a\" data-element_type=\"widget\" data-e-type=\"widget\" data-widget_type=\"button.default\">\n\t\t\t\t<div class=\"elementor-widget-container\">\n\t\t\t\t\t\t\t\t\t<div class=\"elementor-button-wrapper\">\n\t\t\t\t\t<a class=\"elementor-button elementor-size-sm\" role=\"button\">\n\t\t\t\t\t\t<span class=\"elementor-button-content-wrapper\">\n\t\t\t\t\t\t<span class=\"elementor-button-icon\">\n\t\t\t\t<svg xmlns=\"http:\/\/www.w3.org\/2000\/svg\" width=\"15\" height=\"14\" viewBox=\"0 0 15 14\" fill=\"none\"><path d=\"M14.8172 7.44205L9.19219 13.067C9.07491 13.1843 8.91585 13.2502 8.75 13.2502C8.58415 13.2502 8.42509 13.1843 8.30781 13.067C8.19054 12.9498 8.12465 12.7907 8.12465 12.6249C8.12465 12.459 8.19054 12.2999 8.30781 12.1827L12.8664 7.62486H0.625C0.45924 7.62486 0.300269 7.55901 0.183058 7.4418C0.0658482 7.32459 0 7.16562 0 6.99986C0 6.8341 0.0658482 6.67513 0.183058 6.55792C0.300269 6.44071 0.45924 6.37486 0.625 6.37486H12.8664L8.30781 1.81705C8.19054 1.69977 8.12465 1.54071 8.12465 1.37486C8.12465 1.20901 8.19054 1.04995 8.30781 0.932672C8.42509 0.815396 8.58415 0.749512 8.75 0.749512C8.91585 0.749512 9.07491 0.815396 9.19219 0.932672L14.8172 6.55767C14.8753 6.61572 14.9214 6.68465 14.9529 6.76052C14.9843 6.8364 15.0005 6.91772 15.0005 6.99986C15.0005 7.08199 14.9843 7.16332 14.9529 7.2392C14.9214 7.31507 14.8753 7.384 14.8172 7.44205Z\" fill=\"white\"><\/path><\/svg>\t\t\t<\/span>\n\t\t\t\t\t\t\t\t\t<span class=\"elementor-button-text\">Habla con nuestros expertos<\/span>\n\t\t\t\t\t<\/span>\n\t\t\t\t\t<\/a>\n\t\t\t\t<\/div>\n\t\t\t\t\t\t\t\t<\/div>\n\t\t\t\t<\/div>\n\t\t\t\t<\/div>\n\t\t\t\t\t<\/div>\n\t\t\t\t<\/div>\n\t\t<div class=\"elementor-element elementor-element-d589002 e-flex e-con-boxed e-con e-parent\" data-id=\"d589002\" data-element_type=\"container\" data-e-type=\"container\" data-settings=\"{&quot;background_background&quot;:&quot;classic&quot;}\">\n\t\t\t\t\t<div class=\"e-con-inner\">\n\t\t<div class=\"elementor-element elementor-element-273dd3b e-con-full e-flex e-con e-child\" data-id=\"273dd3b\" data-element_type=\"container\" data-e-type=\"container\">\n\t\t\t\t<div class=\"elementor-element elementor-element-da6cd24 elementor-widget__width-inherit elementor-widget elementor-widget-heading\" data-id=\"da6cd24\" data-element_type=\"widget\" data-e-type=\"widget\" data-widget_type=\"heading.default\">\n\t\t\t\t<div class=\"elementor-widget-container\">\n\t\t\t\t\t<h2 class=\"elementor-heading-title elementor-size-default\">Estamos especializados en:<\/h2>\t\t\t\t<\/div>\n\t\t\t\t<\/div>\n\t\t\t\t<\/div>\n\t\t<div class=\"elementor-element elementor-element-e4b1952 e-con-full e-flex e-con e-child\" data-id=\"e4b1952\" data-element_type=\"container\" data-e-type=\"container\">\n\t\t<div class=\"elementor-element elementor-element-4ec9e00 e-con-full e-flex e-con e-child\" data-id=\"4ec9e00\" data-element_type=\"container\" data-e-type=\"container\">\n\t\t\t\t<div class=\"elementor-element elementor-element-3b9fdc6 elementor-widget elementor-widget-image\" data-id=\"3b9fdc6\" data-element_type=\"widget\" data-e-type=\"widget\" data-widget_type=\"image.default\">\n\t\t\t\t<div class=\"elementor-widget-container\">\n\t\t\t\t\t\t\t\t\t\t\t\t\t\t\t<img fetchpriority=\"high\" decoding=\"async\" width=\"626\" height=\"626\" src=\"https:\/\/www.sheffieldhaworth.com\/wp-content\/uploads\/2024\/11\/hand-drawn-flat-design-sales-representative-illustration_23-2149360239.avif\" class=\"attachment-large size-large wp-image-13683\" alt=\"\" srcset=\"https:\/\/www.sheffieldhaworth.com\/wp-content\/uploads\/2024\/11\/hand-drawn-flat-design-sales-representative-illustration_23-2149360239.avif 626w, https:\/\/www.sheffieldhaworth.com\/wp-content\/uploads\/2024\/11\/hand-drawn-flat-design-sales-representative-illustration_23-2149360239-300x300.avif 300w, https:\/\/www.sheffieldhaworth.com\/wp-content\/uploads\/2024\/11\/hand-drawn-flat-design-sales-representative-illustration_23-2149360239-150x150.avif 150w\" sizes=\"(max-width: 626px) 100vw, 626px\" \/>\t\t\t\t\t\t\t\t\t\t\t\t\t\t\t<\/div>\n\t\t\t\t<\/div>\n\t\t\t\t<\/div>\n\t\t<div class=\"elementor-element elementor-element-9977279 e-con-full e-flex e-con e-child\" data-id=\"9977279\" data-element_type=\"container\" data-e-type=\"container\">\n\t\t<div class=\"elementor-element elementor-element-8b1dd66 e-con-full e-flex e-con e-child\" data-id=\"8b1dd66\" data-element_type=\"container\" data-e-type=\"container\">\n\t\t\t\t<div class=\"elementor-element elementor-element-ac8c04d elementor-icon-list--layout-traditional elementor-list-item-link-full_width elementor-widget elementor-widget-icon-list\" data-id=\"ac8c04d\" data-element_type=\"widget\" data-e-type=\"widget\" data-widget_type=\"icon-list.default\">\n\t\t\t\t<div class=\"elementor-widget-container\">\n\t\t\t\t\t\t\t<ul class=\"elementor-icon-list-items\">\n\t\t\t\t\t\t\t<li class=\"elementor-icon-list-item\">\n\t\t\t\t\t\t\t\t\t\t\t<span class=\"elementor-icon-list-icon\">\n\t\t\t\t\t\t\t<svg aria-hidden=\"true\" class=\"e-font-icon-svg e-far-arrow-alt-circle-right\" viewBox=\"0 0 512 512\" xmlns=\"http:\/\/www.w3.org\/2000\/svg\"><path d=\"M504 256C504 119 393 8 256 8S8 119 8 256s111 248 248 248 248-111 248-248zm-448 0c0-110.5 89.5-200 200-200s200 89.5 200 200-89.5 200-200 200S56 366.5 56 256zm72 20v-40c0-6.6 5.4-12 12-12h116v-67c0-10.7 12.9-16 20.5-8.5l99 99c4.7 4.7 4.7 12.3 0 17l-99 99c-7.6 7.6-20.5 2.2-20.5-8.5v-67H140c-6.6 0-12-5.4-12-12z\"><\/path><\/svg>\t\t\t\t\t\t<\/span>\n\t\t\t\t\t\t\t\t\t\t<span class=\"elementor-icon-list-text\">Consejo General<\/span>\n\t\t\t\t\t\t\t\t\t<\/li>\n\t\t\t\t\t\t\t\t<li class=\"elementor-icon-list-item\">\n\t\t\t\t\t\t\t\t\t\t\t<span class=\"elementor-icon-list-icon\">\n\t\t\t\t\t\t\t<svg aria-hidden=\"true\" class=\"e-font-icon-svg e-far-arrow-alt-circle-right\" viewBox=\"0 0 512 512\" xmlns=\"http:\/\/www.w3.org\/2000\/svg\"><path d=\"M504 256C504 119 393 8 256 8S8 119 8 256s111 248 248 248 248-111 248-248zm-448 0c0-110.5 89.5-200 200-200s200 89.5 200 200-89.5 200-200 200S56 366.5 56 256zm72 20v-40c0-6.6 5.4-12 12-12h116v-67c0-10.7 12.9-16 20.5-8.5l99 99c4.7 4.7 4.7 12.3 0 17l-99 99c-7.6 7.6-20.5 2.2-20.5-8.5v-67H140c-6.6 0-12-5.4-12-12z\"><\/path><\/svg>\t\t\t\t\t\t<\/span>\n\t\t\t\t\t\t\t\t\t\t<span class=\"elementor-icon-list-text\">Directores Jur\u00eddicos<\/span>\n\t\t\t\t\t\t\t\t\t<\/li>\n\t\t\t\t\t\t\t\t<li class=\"elementor-icon-list-item\">\n\t\t\t\t\t\t\t\t\t\t\t<span class=\"elementor-icon-list-icon\">\n\t\t\t\t\t\t\t<svg aria-hidden=\"true\" class=\"e-font-icon-svg e-far-arrow-alt-circle-right\" viewBox=\"0 0 512 512\" xmlns=\"http:\/\/www.w3.org\/2000\/svg\"><path d=\"M504 256C504 119 393 8 256 8S8 119 8 256s111 248 248 248 248-111 248-248zm-448 0c0-110.5 89.5-200 200-200s200 89.5 200 200-89.5 200-200 200S56 366.5 56 256zm72 20v-40c0-6.6 5.4-12 12-12h116v-67c0-10.7 12.9-16 20.5-8.5l99 99c4.7 4.7 4.7 12.3 0 17l-99 99c-7.6 7.6-20.5 2.2-20.5-8.5v-67H140c-6.6 0-12-5.4-12-12z\"><\/path><\/svg>\t\t\t\t\t\t<\/span>\n\t\t\t\t\t\t\t\t\t\t<span class=\"elementor-icon-list-text\">Jefe de Litigios<\/span>\n\t\t\t\t\t\t\t\t\t<\/li>\n\t\t\t\t\t\t<\/ul>\n\t\t\t\t\t\t<\/div>\n\t\t\t\t<\/div>\n\t\t\t\t<\/div>\n\t\t<div class=\"elementor-element elementor-element-66edc12 e-con-full e-flex e-con e-child\" data-id=\"66edc12\" data-element_type=\"container\" data-e-type=\"container\">\n\t\t\t\t<div class=\"elementor-element elementor-element-b86686a elementor-widget__width-inherit elementor-widget elementor-widget-text-editor\" data-id=\"b86686a\" data-element_type=\"widget\" data-e-type=\"widget\" data-widget_type=\"text-editor.default\">\n\t\t\t\t<div class=\"elementor-widget-container\">\n\t\t\t\t\t\t\t\t\tEn Sheffield Haworth, trabajamos estrechamente contigo para comprender tu cultura y tus prioridades estrat\u00e9gicas, de modo que podamos asociarnos contigo de la forma m\u00e1s eficaz posible para ofrecerte la mejor soluci\u00f3n a tus necesidades de talento, ya se trate de b\u00fasqueda de directivos, consultor\u00eda independiente, interinidad de directivos o asesoramiento sobre talento.\t\t\t\t\t\t\t\t<\/div>\n\t\t\t\t<\/div>\n\t\t\t\t<div class=\"elementor-element elementor-element-2b58676 elementor-widget__width-inherit elementor-widget elementor-widget-text-editor\" data-id=\"2b58676\" data-element_type=\"widget\" data-e-type=\"widget\" data-widget_type=\"text-editor.default\">\n\t\t\t\t<div class=\"elementor-widget-container\">\n\t\t\t\t\t\t\t\t\tCada compromiso de talento incluye un enfoque de diversidad e inclusi\u00f3n, con un planteamiento que ayuda a mitigar el sesgo de selecci\u00f3n y subraya el valor de la diversidad de pensamiento, para que sepas que siempre tendr\u00e1s acceso a los mejores talentos.\t\t\t\t\t\t\t\t<\/div>\n\t\t\t\t<\/div>\n\t\t\t\t<\/div>\n\t\t\t\t<\/div>\n\t\t\t\t<\/div>\n\t\t\t\t\t<\/div>\n\t\t\t\t<\/div>\n\t\t\t\t<\/div>\n\t\t","protected":false},"excerpt":{"rendered":"<p>Legal Liderazgo jur\u00eddico para el crecimiento sostenible Crear un equipo jur\u00eddico preparado para el futuro que impulse el \u00e9xito empresarial sostenible Habla con nuestros expertos Estamos especializados en: Consejo General Directores Jur\u00eddicos Jefe de Litigios En Sheffield Haworth, trabajamos estrechamente contigo para comprender tu cultura y tus prioridades estrat\u00e9gicas, de modo que podamos asociarnos contigo [&hellip;]<\/p>\n","protected":false},"author":12,"featured_media":0,"parent":0,"menu_order":0,"comment_status":"closed","ping_status":"closed","template":"elementor_header_footer","meta":{"_acf_changed":false,"footnotes":""},"class_list":["post-25372","page","type-page","status-publish","hentry"],"acf":[],"yoast_head":"<!-- This site is optimized with the Yoast SEO plugin v27.3 - https:\/\/yoast.com\/product\/yoast-seo-wordpress\/ -->\n<title>Legal - Sheffield Haworth<\/title>\n<meta name=\"robots\" content=\"index, follow, max-snippet:-1, max-image-preview:large, max-video-preview:-1\" \/>\n<link rel=\"canonical\" href=\"https:\/\/www.sheffieldhaworth.com\/es\/legal\/\" \/>\n<meta property=\"og:locale\" content=\"es_ES\" \/>\n<meta property=\"og:type\" content=\"article\" \/>\n<meta property=\"og:title\" content=\"Legal - Sheffield Haworth\" \/>\n<meta property=\"og:description\" content=\"Legal Liderazgo jur\u00eddico para el crecimiento sostenible Crear un equipo jur\u00eddico preparado para el futuro que impulse el \u00e9xito empresarial sostenible Habla con nuestros expertos Estamos especializados en: Consejo General Directores Jur\u00eddicos Jefe de Litigios En Sheffield Haworth, trabajamos estrechamente contigo para comprender tu cultura y tus prioridades estrat\u00e9gicas, de modo que podamos asociarnos contigo [&hellip;]\" \/>\n<meta property=\"og:url\" content=\"https:\/\/www.sheffieldhaworth.com\/es\/legal\/\" \/>\n<meta property=\"og:site_name\" content=\"Sheffield Haworth\" \/>\n<meta property=\"article:modified_time\" content=\"2025-08-04T16:27:00+00:00\" \/>\n<meta property=\"og:image\" content=\"https:\/\/www.sheffieldhaworth.com\/wp-content\/uploads\/2024\/11\/hand-drawn-flat-design-sales-representative-illustration_23-2149360239.avif\" \/>\n<meta name=\"twitter:card\" content=\"summary_large_image\" \/>\n<meta name=\"twitter:label1\" content=\"Est. reading time\" \/>\n\t<meta name=\"twitter:data1\" content=\"1 minuto\" \/>\n<script type=\"application\/ld+json\" class=\"yoast-schema-graph\">{\"@context\":\"https:\\\/\\\/schema.org\",\"@graph\":[{\"@type\":\"WebPage\",\"@id\":\"https:\\\/\\\/www.sheffieldhaworth.com\\\/es\\\/legal\\\/\",\"url\":\"https:\\\/\\\/www.sheffieldhaworth.com\\\/es\\\/legal\\\/\",\"name\":\"Legal - Sheffield Haworth\",\"isPartOf\":{\"@id\":\"https:\\\/\\\/www.sheffieldhaworth.com\\\/es\\\/#website\"},\"primaryImageOfPage\":{\"@id\":\"https:\\\/\\\/www.sheffieldhaworth.com\\\/es\\\/legal\\\/#primaryimage\"},\"image\":{\"@id\":\"https:\\\/\\\/www.sheffieldhaworth.com\\\/es\\\/legal\\\/#primaryimage\"},\"thumbnailUrl\":\"https:\\\/\\\/www.sheffieldhaworth.com\\\/wp-content\\\/uploads\\\/2024\\\/11\\\/hand-drawn-flat-design-sales-representative-illustration_23-2149360239.avif\",\"datePublished\":\"2024-09-24T21:51:04+00:00\",\"dateModified\":\"2025-08-04T16:27:00+00:00\",\"inLanguage\":\"es\",\"potentialAction\":[{\"@type\":\"ReadAction\",\"target\":[\"https:\\\/\\\/www.sheffieldhaworth.com\\\/es\\\/legal\\\/\"]}]},{\"@type\":\"ImageObject\",\"inLanguage\":\"es\",\"@id\":\"https:\\\/\\\/www.sheffieldhaworth.com\\\/es\\\/legal\\\/#primaryimage\",\"url\":\"https:\\\/\\\/www.sheffieldhaworth.com\\\/wp-content\\\/uploads\\\/2024\\\/11\\\/hand-drawn-flat-design-sales-representative-illustration_23-2149360239.avif\",\"contentUrl\":\"https:\\\/\\\/www.sheffieldhaworth.com\\\/wp-content\\\/uploads\\\/2024\\\/11\\\/hand-drawn-flat-design-sales-representative-illustration_23-2149360239.avif\"},{\"@type\":\"WebSite\",\"@id\":\"https:\\\/\\\/www.sheffieldhaworth.com\\\/es\\\/#website\",\"url\":\"https:\\\/\\\/www.sheffieldhaworth.com\\\/es\\\/\",\"name\":\"Sheffield Haworth\",\"description\":\"Helping organisations and individuals to reach their potential\",\"publisher\":{\"@id\":\"https:\\\/\\\/www.sheffieldhaworth.com\\\/es\\\/#organization\"},\"potentialAction\":[{\"@type\":\"SearchAction\",\"target\":{\"@type\":\"EntryPoint\",\"urlTemplate\":\"https:\\\/\\\/www.sheffieldhaworth.com\\\/es\\\/?s={search_term_string}\"},\"query-input\":{\"@type\":\"PropertyValueSpecification\",\"valueRequired\":true,\"valueName\":\"search_term_string\"}}],\"inLanguage\":\"es\"},{\"@type\":\"Organization\",\"@id\":\"https:\\\/\\\/www.sheffieldhaworth.com\\\/es\\\/#organization\",\"name\":\"Sheffield Haworth\",\"url\":\"https:\\\/\\\/www.sheffieldhaworth.com\\\/es\\\/\",\"logo\":{\"@type\":\"ImageObject\",\"inLanguage\":\"es\",\"@id\":\"https:\\\/\\\/www.sheffieldhaworth.com\\\/es\\\/#\\\/schema\\\/logo\\\/image\\\/\",\"url\":\"https:\\\/\\\/www.sheffieldhaworth.com\\\/wp-content\\\/uploads\\\/2021\\\/10\\\/mstile-310x150-1.png\",\"contentUrl\":\"https:\\\/\\\/www.sheffieldhaworth.com\\\/wp-content\\\/uploads\\\/2021\\\/10\\\/mstile-310x150-1.png\",\"width\":311,\"height\":151,\"caption\":\"Sheffield Haworth\"},\"image\":{\"@id\":\"https:\\\/\\\/www.sheffieldhaworth.com\\\/es\\\/#\\\/schema\\\/logo\\\/image\\\/\"},\"sameAs\":[\"https:\\\/\\\/www.linkedin.com\\\/company\\\/sheffield-haworth\\\/?viewAsMember=true\"]}]}<\/script>\n<!-- \/ Yoast SEO plugin. -->","yoast_head_json":{"title":"Legal - Sheffield Haworth","robots":{"index":"index","follow":"follow","max-snippet":"max-snippet:-1","max-image-preview":"max-image-preview:large","max-video-preview":"max-video-preview:-1"},"canonical":"https:\/\/www.sheffieldhaworth.com\/es\/legal\/","og_locale":"es_ES","og_type":"article","og_title":"Legal - Sheffield Haworth","og_description":"Legal Liderazgo jur\u00eddico para el crecimiento sostenible Crear un equipo jur\u00eddico preparado para el futuro que impulse el \u00e9xito empresarial sostenible Habla con nuestros expertos Estamos especializados en: Consejo General Directores Jur\u00eddicos Jefe de Litigios En Sheffield Haworth, trabajamos estrechamente contigo para comprender tu cultura y tus prioridades estrat\u00e9gicas, de modo que podamos asociarnos contigo [&hellip;]","og_url":"https:\/\/www.sheffieldhaworth.com\/es\/legal\/","og_site_name":"Sheffield Haworth","article_modified_time":"2025-08-04T16:27:00+00:00","og_image":[{"url":"https:\/\/www.sheffieldhaworth.com\/wp-content\/uploads\/2024\/11\/hand-drawn-flat-design-sales-representative-illustration_23-2149360239.avif","type":"","width":"","height":""}],"twitter_card":"summary_large_image","twitter_misc":{"Est. reading time":"1 minuto"},"schema":{"@context":"https:\/\/schema.org","@graph":[{"@type":"WebPage","@id":"https:\/\/www.sheffieldhaworth.com\/es\/legal\/","url":"https:\/\/www.sheffieldhaworth.com\/es\/legal\/","name":"Legal - Sheffield Haworth","isPartOf":{"@id":"https:\/\/www.sheffieldhaworth.com\/es\/#website"},"primaryImageOfPage":{"@id":"https:\/\/www.sheffieldhaworth.com\/es\/legal\/#primaryimage"},"image":{"@id":"https:\/\/www.sheffieldhaworth.com\/es\/legal\/#primaryimage"},"thumbnailUrl":"https:\/\/www.sheffieldhaworth.com\/wp-content\/uploads\/2024\/11\/hand-drawn-flat-design-sales-representative-illustration_23-2149360239.avif","datePublished":"2024-09-24T21:51:04+00:00","dateModified":"2025-08-04T16:27:00+00:00","inLanguage":"es","potentialAction":[{"@type":"ReadAction","target":["https:\/\/www.sheffieldhaworth.com\/es\/legal\/"]}]},{"@type":"ImageObject","inLanguage":"es","@id":"https:\/\/www.sheffieldhaworth.com\/es\/legal\/#primaryimage","url":"https:\/\/www.sheffieldhaworth.com\/wp-content\/uploads\/2024\/11\/hand-drawn-flat-design-sales-representative-illustration_23-2149360239.avif","contentUrl":"https:\/\/www.sheffieldhaworth.com\/wp-content\/uploads\/2024\/11\/hand-drawn-flat-design-sales-representative-illustration_23-2149360239.avif"},{"@type":"WebSite","@id":"https:\/\/www.sheffieldhaworth.com\/es\/#website","url":"https:\/\/www.sheffieldhaworth.com\/es\/","name":"Sheffield Haworth","description":"Helping organisations and individuals to reach their potential","publisher":{"@id":"https:\/\/www.sheffieldhaworth.com\/es\/#organization"},"potentialAction":[{"@type":"SearchAction","target":{"@type":"EntryPoint","urlTemplate":"https:\/\/www.sheffieldhaworth.com\/es\/?s={search_term_string}"},"query-input":{"@type":"PropertyValueSpecification","valueRequired":true,"valueName":"search_term_string"}}],"inLanguage":"es"},{"@type":"Organization","@id":"https:\/\/www.sheffieldhaworth.com\/es\/#organization","name":"Sheffield Haworth","url":"https:\/\/www.sheffieldhaworth.com\/es\/","logo":{"@type":"ImageObject","inLanguage":"es","@id":"https:\/\/www.sheffieldhaworth.com\/es\/#\/schema\/logo\/image\/","url":"https:\/\/www.sheffieldhaworth.com\/wp-content\/uploads\/2021\/10\/mstile-310x150-1.png","contentUrl":"https:\/\/www.sheffieldhaworth.com\/wp-content\/uploads\/2021\/10\/mstile-310x150-1.png","width":311,"height":151,"caption":"Sheffield Haworth"},"image":{"@id":"https:\/\/www.sheffieldhaworth.com\/es\/#\/schema\/logo\/image\/"},"sameAs":["https:\/\/www.linkedin.com\/company\/sheffield-haworth\/?viewAsMember=true"]}]}},"_links":{"self":[{"href":"https:\/\/www.sheffieldhaworth.com\/es\/wp-json\/wp\/v2\/pages\/25372","targetHints":{"allow":["GET"]}}],"collection":[{"href":"https:\/\/www.sheffieldhaworth.com\/es\/wp-json\/wp\/v2\/pages"}],"about":[{"href":"https:\/\/www.sheffieldhaworth.com\/es\/wp-json\/wp\/v2\/types\/page"}],"author":[{"embeddable":true,"href":"https:\/\/www.sheffieldhaworth.com\/es\/wp-json\/wp\/v2\/users\/12"}],"replies":[{"embeddable":true,"href":"https:\/\/www.sheffieldhaworth.com\/es\/wp-json\/wp\/v2\/comments?post=25372"}],"version-history":[{"count":0,"href":"https:\/\/www.sheffieldhaworth.com\/es\/wp-json\/wp\/v2\/pages\/25372\/revisions"}],"wp:attachment":[{"href":"https:\/\/www.sheffieldhaworth.com\/es\/wp-json\/wp\/v2\/media?parent=25372"}],"curies":[{"name":"wp","href":"https:\/\/api.w.org\/{rel}","templated":true}]}}